{"id":2760,"date":"2023-07-25T13:10:19","date_gmt":"2023-07-25T11:10:19","guid":{"rendered":"https:\/\/szucsattilaingatlan.hu\/eladoknak\/"},"modified":"2023-08-29T10:52:20","modified_gmt":"2023-08-29T10:52:20","slug":"for-sellers","status":"publish","type":"page","link":"https:\/\/szucsattilaingatlan.hu\/en\/for-sellers\/","title":{"rendered":"For sellers"},"content":{"rendered":"<div class=\"wpb-content-wrapper\"><p>[vc_row full_width=&#8221;stretch_row&#8221; css=&#8221;.vc_custom_1690294572488{margin-top: -70px !important;padding-top: 30px !important;background-color: #000000 !important;}&#8221;][vc_column][vc_column_text]<\/p>\n<section class=\"elementor-section elementor-top-section elementor-element elementor-element-f6de296 elementor-section-boxed elementor-section-height-default elementor-section-height-default\" data-id=\"f6de296\" data-element_type=\"section\" data-settings=\"{&quot;jet_parallax_layout_list&quot;:[]}\">\n<div class=\"elementor-container elementor-column-gap-default\">\n<div class=\"elementor-row\">\n<div class=\"elementor-column elementor-col-100 elementor-top-column elementor-element elementor-element-bc7630e\" data-id=\"bc7630e\" data-element_type=\"column\">\n<div class=\"elementor-column-wrap elementor-element-populated\">\n<div class=\"elementor-widget-wrap\">\n<div class=\"elementor-element elementor-element-f212d73 elementor-widget elementor-widget-text-editor\" data-id=\"f212d73\" data-element_type=\"widget\" data-widget_type=\"text-editor.default\">\n<div class=\"elementor-widget-container\">\n<div class=\"elementor-text-editor elementor-clearfix\">\n<p><span style=\"color: #ffffff;\">Selling a property may seem easy, and it may be, but getting the best price is a real challenge. That is why it is important to consciously take the necessary steps based on a well-founded strategy, considering the options before you in every case. One of these options is consultation with a specialist &#8211; so this does not at all preclude you from deciding in favor of self-administration, nor is it excluded that I will also recommend it.<\/span><\/p>\n<\/div>\n<\/div>\n<\/div>\n<\/div>\n<\/div>\n<\/div>\n<\/div>\n<\/div>\n<\/section>\n<section class=\"elementor-section elementor-top-section elementor-element elementor-element-ab7a295 elementor-section-boxed elementor-section-height-default elementor-section-height-default\" data-id=\"ab7a295\" data-element_type=\"section\" data-settings=\"{&quot;jet_parallax_layout_list&quot;:[]}\">\n<div class=\"elementor-container elementor-column-gap-default\">\n<div class=\"elementor-row\">\n<div class=\"elementor-column elementor-col-100 elementor-top-column elementor-element elementor-element-8718c28\" data-id=\"8718c28\" data-element_type=\"column\">\n<div class=\"elementor-column-wrap elementor-element-populated\">\n<div class=\"elementor-widget-wrap\">\n<div class=\"elementor-element elementor-element-152ef8d elementor-widget elementor-widget-text-editor\" data-id=\"152ef8d\" data-element_type=\"widget\" data-widget_type=\"text-editor.default\">\n<div class=\"elementor-widget-container\">\n<div class=\"elementor-text-editor elementor-clearfix\"><\/div>\n<\/div>\n<\/div>\n<\/div>\n<\/div>\n<\/div>\n<\/div>\n<\/div>\n<\/section>\n<p>[\/vc_column_text][vc_column_text]<span style=\"color: #ffffff;\"><strong>In the event of an inquiry, I will prepare based on the information provided in advance, during our personal meeting I will assess the property and your needs, I will define your options depending on the valuation and your expectations, and I will outline the optimal sales strategy.<\/strong><\/span>[\/vc_column_text][vc_empty_space][\/vc_column][\/vc_row][vc_row full_width=&#8221;stretch_row_content_no_spaces&#8221; equal_height=&#8221;yes&#8221; css=&#8221;.vc_custom_1690292069789{background-color: #ffffff !important;}&#8221;][vc_column css=&#8221;.vc_custom_1690294106279{padding-top: 30px !important;padding-bottom: 30px !important;background-color: #000000 !important;}&#8221; offset=&#8221;vc_col-lg-6 vc_col-md-6&#8243;][vc_row_inner][vc_column_inner width=&#8221;5\/6&#8243; offset=&#8221;vc_col-lg-offset-2 vc_col-lg-8 vc_col-md-offset-1 vc_col-md-10 vc_col-sm-offset-1&#8243; css=&#8221;.vc_custom_1690291876150{padding-right: 20px !important;padding-left: 20px !important;}&#8221;]<div class=\"standard-arrow bullet-top\"><h4 id=\"headline-26-149\" class=\"ct-headline h2-feketeplusz\"><span style=\"color: #ffffff;\">You can count on me for everything related to the sale of the property, because as a service provider my task is to:<\/span><\/h4>\n<div id=\"code_block-16-149\" class=\"ct-code-block fekete_txt\">\n<ul>\n<li><span style=\"color: #ffffff;\">exploring, expanding and increasing opportunities<\/span><\/li>\n<li><span style=\"color: #ffffff;\">optionally organizing the preparation or preparation of the property<\/span><\/li>\n<li><span style=\"color: #ffffff;\">development of the sales strategy, starting from the definition of the target group, through the messages to the communication channels<\/span><\/li>\n<li><span style=\"color: #ffffff;\">preparation of communication materials<\/span><\/li>\n<li><span style=\"color: #ffffff;\">preparation of expert opinions, budgets, tenders if required<\/span><\/li>\n<li><span style=\"color: #ffffff;\">screening of interested parties<\/span><\/li>\n<li><span style=\"color: #ffffff;\">organization of presentations<\/span><\/li>\n<li><span style=\"color: #ffffff;\">moderating and supporting the price negotiation<\/span><\/li>\n<li><span style=\"color: #ffffff;\">preparation and processing of legal, financial, tax and duty matters<\/span><\/li>\n<li><span style=\"color: #ffffff;\">meeting the customer&#8217;s needs.<\/span><\/li>\n<\/ul>\n<\/div>\n<\/div>[\/vc_column_inner][\/vc_row_inner][\/vc_column][vc_column css=&#8221;.vc_custom_1690369040665{padding-top: 150px !important;padding-bottom: 150px !important;background-image: url(https:\/\/szucsattilaingatlan.hu\/wp-content\/uploads\/2023\/07\/hatter3.webp?id=921) !important;background-position: center !important;background-repeat: no-repeat !important;background-size: cover !important;}&#8221; offset=&#8221;vc_col-lg-6 vc_col-md-6&#8243;][\/vc_column][\/vc_row][vc_row full_width=&#8221;stretch_row&#8221; bg_type=&#8221;bg_color&#8221; bg_override=&#8221;ex-full&#8221; css=&#8221;.vc_custom_1693299161982{margin-bottom: -70px !important;background-color: #ffffff !important;}&#8221; bg_color_value=&#8221;#000000&#8243;][vc_column][vc_empty_space][vc_column_text]<\/p>\n<section class=\"elementor-section elementor-top-section elementor-element elementor-element-ccdd9af elementor-section-boxed elementor-section-height-default elementor-section-height-default\" data-id=\"ccdd9af\" data-element_type=\"section\" data-settings=\"{&quot;jet_parallax_layout_list&quot;:[]}\">\n<div class=\"elementor-container elementor-column-gap-default\">\n<div class=\"elementor-row\">\n<div class=\"elementor-column elementor-col-100 elementor-top-column elementor-element elementor-element-8c304de\" data-id=\"8c304de\" data-element_type=\"column\">\n<div class=\"elementor-column-wrap elementor-element-populated\">\n<div class=\"elementor-widget-wrap\">\n<div class=\"elementor-element elementor-element-4864ab6 elementor-widget elementor-widget-text-editor\" data-id=\"4864ab6\" data-element_type=\"widget\" data-widget_type=\"text-editor.default\">\n<div class=\"elementor-widget-container\">\n<h4 style=\"text-align: center;\"><span style=\"color: #ffffff;\"><strong>Please, in case of sale, send an email and contact you by phone within 24 hours.<\/strong><\/span><\/h4>\n<\/div>\n<\/div>\n<\/div>\n<\/div>\n<\/div>\n<\/div>\n<\/div>\n<\/section>\n<section class=\"elementor-section elementor-top-section elementor-element elementor-element-6b2bf58 elementor-section-boxed elementor-section-height-default elementor-section-height-default\" data-id=\"6b2bf58\" data-element_type=\"section\" data-settings=\"{&quot;jet_parallax_layout_list&quot;:[]}\">\n<div class=\"elementor-container elementor-column-gap-default\">\n<div class=\"elementor-row\">\n<div class=\"elementor-column elementor-col-100 elementor-top-column elementor-element elementor-element-173905e\" data-id=\"173905e\" data-element_type=\"column\">\n<div class=\"elementor-column-wrap elementor-element-populated\">\n<div class=\"elementor-widget-wrap\">\n<div class=\"elementor-element elementor-element-19bf65d elementor-button-align-stretch elementor-widget elementor-widget-form\" data-id=\"19bf65d\" data-element_type=\"widget\" data-settings=\"{&quot;step_next_label&quot;:&quot;Next&quot;,&quot;step_previous_label&quot;:&quot;Previous&quot;,&quot;button_width&quot;:&quot;100&quot;,&quot;step_type&quot;:&quot;number_text&quot;,&quot;step_icon_shape&quot;:&quot;circle&quot;}\" data-widget_type=\"form.default\">\n<div class=\"elementor-widget-container\">\n<form class=\"elementor-form\" method=\"post\" name=\"New Form\">\n<div class=\"elementor-form-fields-wrapper elementor-labels-above\">\n<div class=\"elementor-field-type-text elementor-field-group elementor-column elementor-field-group-field_42a0ced elementor-col-50\"><\/div>\n<\/div>\n<\/form>\n<\/div>\n<\/div>\n<\/div>\n<\/div>\n<\/div>\n<\/div>\n<\/div>\n<\/section>\n<p>[\/vc_column_text][vc_empty_space]<style type=\"text\/css\" data-type=\"the7_shortcodes-inline-css\">#default-btn-9f12b55f621985ca629cb7439036e021.ico-right-side > i {\n  margin-right: 0px;\n  margin-left: 8px;\n}\n#default-btn-9f12b55f621985ca629cb7439036e021 > i {\n  margin-right: 8px;\n}<\/style><div class=\"btn-align-center\"><a href=\"https:\/\/szucsattilaingatlan.hu\/en\/contact\/\" class=\"default-btn-shortcode dt-btn dt-btn-l link-hover-off \" id=\"default-btn-9f12b55f621985ca629cb7439036e021\"><span>CONTACT<\/span><\/a><\/div>[vc_empty_space][\/vc_column][\/vc_row]<\/p>\n<\/div>","protected":false},"excerpt":{"rendered":"<p>[vc_row full_width=&#8221;stretch_row&#8221; css=&#8221;.vc_custom_1690294572488{margin-top: -70px !important;padding-top: 30px !important;background-color: #000000 !important;}&#8221;][vc_column][vc_column_text] Selling a property may seem easy, and it may be, but getting the best price is a real challenge. That is why it is important to consciously take the necessary steps based on a well-founded strategy, considering the options before you in every case. One of&hellip;<\/p>\n","protected":false},"author":1,"featured_media":0,"parent":0,"menu_order":0,"comment_status":"closed","ping_status":"closed","template":"","meta":{"_acf_changed":false,"footnotes":""},"class_list":["post-2760","page","type-page","status-publish","hentry","description-off"],"acf":[],"yoast_head":"<!-- This site is optimized with the Yoast SEO plugin v27.5 - https:\/\/yoast.com\/product\/yoast-seo-wordpress\/ -->\n<title>For sellers - Sz\u0171cs Attila ingatlanszak\u00e9rt\u0151<\/title>\n<meta name=\"robots\" content=\"index, follow, max-snippet:-1, max-image-preview:large, max-video-preview:-1\" \/>\n<link rel=\"canonical\" href=\"https:\/\/szucsattilaingatlan.hu\/eladoknak\/\" \/>\n<meta property=\"og:locale\" content=\"en_US\" \/>\n<meta property=\"og:type\" content=\"article\" \/>\n<meta property=\"og:title\" content=\"For sellers - Sz\u0171cs Attila ingatlanszak\u00e9rt\u0151\" \/>\n<meta property=\"og:description\" content=\"[vc_row full_width=&#8221;stretch_row&#8221; css=&#8221;.vc_custom_1690294572488{margin-top: -70px !important;padding-top: 30px !important;background-color: #000000 !important;}&#8221;][vc_column][vc_column_text] Selling a property may seem easy, and it may be, but getting the best price is a real challenge. That is why it is important to consciously take the necessary steps based on a well-founded strategy, considering the options before you in every case. One of&hellip;\" \/>\n<meta property=\"og:url\" content=\"https:\/\/szucsattilaingatlan.hu\/eladoknak\/\" \/>\n<meta property=\"og:site_name\" content=\"Sz\u0171cs Attila ingatlanszak\u00e9rt\u0151\" \/>\n<meta property=\"article:modified_time\" content=\"2023-08-29T10:52:20+00:00\" \/>\n<meta name=\"twitter:card\" content=\"summary_large_image\" \/>\n<meta name=\"twitter:label1\" content=\"Est. reading time\" \/>\n\t<meta name=\"twitter:data1\" content=\"2 minutes\" \/>\n<script type=\"application\/ld+json\" class=\"yoast-schema-graph\">{\"@context\":\"https:\\\/\\\/schema.org\",\"@graph\":[{\"@type\":\"WebPage\",\"@id\":\"https:\\\/\\\/szucsattilaingatlan.hu\\\/eladoknak\\\/\",\"url\":\"https:\\\/\\\/szucsattilaingatlan.hu\\\/eladoknak\\\/\",\"name\":\"For sellers - Sz\u0171cs Attila ingatlanszak\u00e9rt\u0151\",\"isPartOf\":{\"@id\":\"https:\\\/\\\/szucsattilaingatlan.hu\\\/#website\"},\"datePublished\":\"2023-07-25T11:10:19+00:00\",\"dateModified\":\"2023-08-29T10:52:20+00:00\",\"breadcrumb\":{\"@id\":\"https:\\\/\\\/szucsattilaingatlan.hu\\\/eladoknak\\\/#breadcrumb\"},\"inLanguage\":\"en-US\",\"potentialAction\":[{\"@type\":\"ReadAction\",\"target\":[\"https:\\\/\\\/szucsattilaingatlan.hu\\\/eladoknak\\\/\"]}]},{\"@type\":\"BreadcrumbList\",\"@id\":\"https:\\\/\\\/szucsattilaingatlan.hu\\\/eladoknak\\\/#breadcrumb\",\"itemListElement\":[{\"@type\":\"ListItem\",\"position\":1,\"name\":\"Kezd\u0151lap\",\"item\":\"https:\\\/\\\/szucsattilaingatlan.hu\\\/en\\\/\"},{\"@type\":\"ListItem\",\"position\":2,\"name\":\"For sellers\"}]},{\"@type\":\"WebSite\",\"@id\":\"https:\\\/\\\/szucsattilaingatlan.hu\\\/#website\",\"url\":\"https:\\\/\\\/szucsattilaingatlan.hu\\\/\",\"name\":\"Sz\u0171cs Attila ingatlanszak\u00e9rt\u0151\",\"description\":\"Ingatlan\u00e9rt\u00e9kes\u00edt\u00e9s profin \u00e9s transzparensen\",\"potentialAction\":[{\"@type\":\"SearchAction\",\"target\":{\"@type\":\"EntryPoint\",\"urlTemplate\":\"https:\\\/\\\/szucsattilaingatlan.hu\\\/?s={search_term_string}\"},\"query-input\":{\"@type\":\"PropertyValueSpecification\",\"valueRequired\":true,\"valueName\":\"search_term_string\"}}],\"inLanguage\":\"en-US\"}]}<\/script>\n<!-- \/ Yoast SEO plugin. -->","yoast_head_json":{"title":"For sellers - Sz\u0171cs Attila ingatlanszak\u00e9rt\u0151","robots":{"index":"index","follow":"follow","max-snippet":"max-snippet:-1","max-image-preview":"max-image-preview:large","max-video-preview":"max-video-preview:-1"},"canonical":"https:\/\/szucsattilaingatlan.hu\/eladoknak\/","og_locale":"en_US","og_type":"article","og_title":"For sellers - Sz\u0171cs Attila ingatlanszak\u00e9rt\u0151","og_description":"[vc_row full_width=&#8221;stretch_row&#8221; css=&#8221;.vc_custom_1690294572488{margin-top: -70px !important;padding-top: 30px !important;background-color: #000000 !important;}&#8221;][vc_column][vc_column_text] Selling a property may seem easy, and it may be, but getting the best price is a real challenge. That is why it is important to consciously take the necessary steps based on a well-founded strategy, considering the options before you in every case. One of&hellip;","og_url":"https:\/\/szucsattilaingatlan.hu\/eladoknak\/","og_site_name":"Sz\u0171cs Attila ingatlanszak\u00e9rt\u0151","article_modified_time":"2023-08-29T10:52:20+00:00","twitter_card":"summary_large_image","twitter_misc":{"Est. reading time":"2 minutes"},"schema":{"@context":"https:\/\/schema.org","@graph":[{"@type":"WebPage","@id":"https:\/\/szucsattilaingatlan.hu\/eladoknak\/","url":"https:\/\/szucsattilaingatlan.hu\/eladoknak\/","name":"For sellers - Sz\u0171cs Attila ingatlanszak\u00e9rt\u0151","isPartOf":{"@id":"https:\/\/szucsattilaingatlan.hu\/#website"},"datePublished":"2023-07-25T11:10:19+00:00","dateModified":"2023-08-29T10:52:20+00:00","breadcrumb":{"@id":"https:\/\/szucsattilaingatlan.hu\/eladoknak\/#breadcrumb"},"inLanguage":"en-US","potentialAction":[{"@type":"ReadAction","target":["https:\/\/szucsattilaingatlan.hu\/eladoknak\/"]}]},{"@type":"BreadcrumbList","@id":"https:\/\/szucsattilaingatlan.hu\/eladoknak\/#breadcrumb","itemListElement":[{"@type":"ListItem","position":1,"name":"Kezd\u0151lap","item":"https:\/\/szucsattilaingatlan.hu\/en\/"},{"@type":"ListItem","position":2,"name":"For sellers"}]},{"@type":"WebSite","@id":"https:\/\/szucsattilaingatlan.hu\/#website","url":"https:\/\/szucsattilaingatlan.hu\/","name":"Sz\u0171cs Attila ingatlanszak\u00e9rt\u0151","description":"Ingatlan\u00e9rt\u00e9kes\u00edt\u00e9s profin \u00e9s transzparensen","potentialAction":[{"@type":"SearchAction","target":{"@type":"EntryPoint","urlTemplate":"https:\/\/szucsattilaingatlan.hu\/?s={search_term_string}"},"query-input":{"@type":"PropertyValueSpecification","valueRequired":true,"valueName":"search_term_string"}}],"inLanguage":"en-US"}]}},"_links":{"self":[{"href":"https:\/\/szucsattilaingatlan.hu\/en\/wp-json\/wp\/v2\/pages\/2760","targetHints":{"allow":["GET"]}}],"collection":[{"href":"https:\/\/szucsattilaingatlan.hu\/en\/wp-json\/wp\/v2\/pages"}],"about":[{"href":"https:\/\/szucsattilaingatlan.hu\/en\/wp-json\/wp\/v2\/types\/page"}],"author":[{"embeddable":true,"href":"https:\/\/szucsattilaingatlan.hu\/en\/wp-json\/wp\/v2\/users\/1"}],"replies":[{"embeddable":true,"href":"https:\/\/szucsattilaingatlan.hu\/en\/wp-json\/wp\/v2\/comments?post=2760"}],"version-history":[{"count":0,"href":"https:\/\/szucsattilaingatlan.hu\/en\/wp-json\/wp\/v2\/pages\/2760\/revisions"}],"wp:attachment":[{"href":"https:\/\/szucsattilaingatlan.hu\/en\/wp-json\/wp\/v2\/media?parent=2760"}],"curies":[{"name":"wp","href":"https:\/\/api.w.org\/{rel}","templated":true}]}}