{"id":2764,"date":"2023-07-26T07:01:36","date_gmt":"2023-07-26T05:01:36","guid":{"rendered":"https:\/\/szucsattilaingatlan.hu\/vevoknek\/"},"modified":"2023-08-29T10:53:27","modified_gmt":"2023-08-29T10:53:27","slug":"to-buyers","status":"publish","type":"page","link":"https:\/\/szucsattilaingatlan.hu\/en\/to-buyers\/","title":{"rendered":"To buyers"},"content":{"rendered":"<div class=\"wpb-content-wrapper\"><p>[vc_row full_width=&#8221;stretch_row&#8221; css=&#8221;.vc_custom_1693298720490{margin-top: -70px !important;margin-bottom: -70px !important;padding-top: 30px !important;background-color: #000000 !important;}&#8221;][vc_column][vc_column_text]<span style=\"color: #ffffff;\">Finding and buying a suitable property can be easy, and most of the time it is. The best, however, must be searched for, and a specialist with up-to-date market knowledge, a network of contacts and decades of experience provides indispensable help for this. Therefore, it is advisable to assess all the options before you. A consultation with me in itself will help you get to know the market and avoid unpleasant, time-wasting situations.<\/span>[\/vc_column_text]<div class=\"standard-arrow list-divider bullet-top\"><h4><strong><span style=\"color: #ffffff;\">In case of inquiry:<\/span><\/strong><\/h4>\n<ul>\n<li><span style=\"color: #ffffff;\">I assess your personal needs and preferences<\/span><\/li>\n<li><span style=\"color: #ffffff;\">I present in detail the relevant segment of the market, its main actors, communication interfaces and tools<\/span><\/li>\n<li><span style=\"color: #ffffff;\">I will summarize your options and possible alternatives to your idea<\/span><\/li>\n<li><span style=\"color: #ffffff;\">I outline the optimal research strategy..<\/span><\/li>\n<\/ul>\n<\/div>[vc_empty_space]<style type=\"text\/css\" data-type=\"the7_shortcodes-inline-css\">#default-btn-9f12b55f621985ca629cb7439036e021.ico-right-side > i {\n  margin-right: 0px;\n  margin-left: 8px;\n}\n#default-btn-9f12b55f621985ca629cb7439036e021 > i {\n  margin-right: 8px;\n}<\/style><div class=\"btn-align-center\"><a href=\"https:\/\/szucsattilaingatlan.hu\/en\/contact\/\" class=\"default-btn-shortcode dt-btn dt-btn-l link-hover-off \" id=\"default-btn-9f12b55f621985ca629cb7439036e021\"><span>CONTACT<\/span><\/a><\/div>[vc_empty_space][\/vc_column][\/vc_row]<\/p>\n<\/div>","protected":false},"excerpt":{"rendered":"<p>[vc_row full_width=&#8221;stretch_row&#8221; css=&#8221;.vc_custom_1693298720490{margin-top: -70px !important;margin-bottom: -70px !important;padding-top: 30px !important;background-color: #000000 !important;}&#8221;][vc_column][vc_column_text]Finding and buying a suitable property can be easy, and most of the time it is. The best, however, must be searched for, and a specialist with up-to-date market knowledge, a network of contacts and decades of experience provides indispensable help for this. Therefore, it&hellip;<\/p>\n","protected":false},"author":1,"featured_media":0,"parent":0,"menu_order":0,"comment_status":"closed","ping_status":"closed","template":"","meta":{"_acf_changed":false,"footnotes":""},"class_list":["post-2764","page","type-page","status-publish","hentry","description-off"],"acf":[],"yoast_head":"<!-- This site is optimized with the Yoast SEO plugin v27.5 - https:\/\/yoast.com\/product\/yoast-seo-wordpress\/ -->\n<title>To buyers - Sz\u0171cs Attila ingatlanszak\u00e9rt\u0151<\/title>\n<meta name=\"robots\" content=\"index, follow, max-snippet:-1, max-image-preview:large, max-video-preview:-1\" \/>\n<link rel=\"canonical\" href=\"https:\/\/szucsattilaingatlan.hu\/vevoknek\/\" \/>\n<meta property=\"og:locale\" content=\"en_US\" \/>\n<meta property=\"og:type\" content=\"article\" \/>\n<meta property=\"og:title\" content=\"To buyers - Sz\u0171cs Attila ingatlanszak\u00e9rt\u0151\" \/>\n<meta property=\"og:description\" content=\"[vc_row full_width=&#8221;stretch_row&#8221; css=&#8221;.vc_custom_1693298720490{margin-top: -70px !important;margin-bottom: -70px !important;padding-top: 30px !important;background-color: #000000 !important;}&#8221;][vc_column][vc_column_text]Finding and buying a suitable property can be easy, and most of the time it is. The best, however, must be searched for, and a specialist with up-to-date market knowledge, a network of contacts and decades of experience provides indispensable help for this. Therefore, it&hellip;\" \/>\n<meta property=\"og:url\" content=\"https:\/\/szucsattilaingatlan.hu\/vevoknek\/\" \/>\n<meta property=\"og:site_name\" content=\"Sz\u0171cs Attila ingatlanszak\u00e9rt\u0151\" \/>\n<meta property=\"article:modified_time\" content=\"2023-08-29T10:53:27+00:00\" \/>\n<meta name=\"twitter:card\" content=\"summary_large_image\" \/>\n<meta name=\"twitter:label1\" content=\"Est. reading time\" \/>\n\t<meta name=\"twitter:data1\" content=\"1 minute\" \/>\n<script type=\"application\/ld+json\" class=\"yoast-schema-graph\">{\"@context\":\"https:\\\/\\\/schema.org\",\"@graph\":[{\"@type\":\"WebPage\",\"@id\":\"https:\\\/\\\/szucsattilaingatlan.hu\\\/vevoknek\\\/\",\"url\":\"https:\\\/\\\/szucsattilaingatlan.hu\\\/vevoknek\\\/\",\"name\":\"To buyers - Sz\u0171cs Attila ingatlanszak\u00e9rt\u0151\",\"isPartOf\":{\"@id\":\"https:\\\/\\\/szucsattilaingatlan.hu\\\/#website\"},\"datePublished\":\"2023-07-26T05:01:36+00:00\",\"dateModified\":\"2023-08-29T10:53:27+00:00\",\"breadcrumb\":{\"@id\":\"https:\\\/\\\/szucsattilaingatlan.hu\\\/vevoknek\\\/#breadcrumb\"},\"inLanguage\":\"en-US\",\"potentialAction\":[{\"@type\":\"ReadAction\",\"target\":[\"https:\\\/\\\/szucsattilaingatlan.hu\\\/vevoknek\\\/\"]}]},{\"@type\":\"BreadcrumbList\",\"@id\":\"https:\\\/\\\/szucsattilaingatlan.hu\\\/vevoknek\\\/#breadcrumb\",\"itemListElement\":[{\"@type\":\"ListItem\",\"position\":1,\"name\":\"Kezd\u0151lap\",\"item\":\"https:\\\/\\\/szucsattilaingatlan.hu\\\/en\\\/\"},{\"@type\":\"ListItem\",\"position\":2,\"name\":\"To buyers\"}]},{\"@type\":\"WebSite\",\"@id\":\"https:\\\/\\\/szucsattilaingatlan.hu\\\/#website\",\"url\":\"https:\\\/\\\/szucsattilaingatlan.hu\\\/\",\"name\":\"Sz\u0171cs Attila ingatlanszak\u00e9rt\u0151\",\"description\":\"Ingatlan\u00e9rt\u00e9kes\u00edt\u00e9s profin \u00e9s transzparensen\",\"potentialAction\":[{\"@type\":\"SearchAction\",\"target\":{\"@type\":\"EntryPoint\",\"urlTemplate\":\"https:\\\/\\\/szucsattilaingatlan.hu\\\/?s={search_term_string}\"},\"query-input\":{\"@type\":\"PropertyValueSpecification\",\"valueRequired\":true,\"valueName\":\"search_term_string\"}}],\"inLanguage\":\"en-US\"}]}<\/script>\n<!-- \/ Yoast SEO plugin. -->","yoast_head_json":{"title":"To buyers - Sz\u0171cs Attila ingatlanszak\u00e9rt\u0151","robots":{"index":"index","follow":"follow","max-snippet":"max-snippet:-1","max-image-preview":"max-image-preview:large","max-video-preview":"max-video-preview:-1"},"canonical":"https:\/\/szucsattilaingatlan.hu\/vevoknek\/","og_locale":"en_US","og_type":"article","og_title":"To buyers - Sz\u0171cs Attila ingatlanszak\u00e9rt\u0151","og_description":"[vc_row full_width=&#8221;stretch_row&#8221; css=&#8221;.vc_custom_1693298720490{margin-top: -70px !important;margin-bottom: -70px !important;padding-top: 30px !important;background-color: #000000 !important;}&#8221;][vc_column][vc_column_text]Finding and buying a suitable property can be easy, and most of the time it is. The best, however, must be searched for, and a specialist with up-to-date market knowledge, a network of contacts and decades of experience provides indispensable help for this. Therefore, it&hellip;","og_url":"https:\/\/szucsattilaingatlan.hu\/vevoknek\/","og_site_name":"Sz\u0171cs Attila ingatlanszak\u00e9rt\u0151","article_modified_time":"2023-08-29T10:53:27+00:00","twitter_card":"summary_large_image","twitter_misc":{"Est. reading time":"1 minute"},"schema":{"@context":"https:\/\/schema.org","@graph":[{"@type":"WebPage","@id":"https:\/\/szucsattilaingatlan.hu\/vevoknek\/","url":"https:\/\/szucsattilaingatlan.hu\/vevoknek\/","name":"To buyers - Sz\u0171cs Attila ingatlanszak\u00e9rt\u0151","isPartOf":{"@id":"https:\/\/szucsattilaingatlan.hu\/#website"},"datePublished":"2023-07-26T05:01:36+00:00","dateModified":"2023-08-29T10:53:27+00:00","breadcrumb":{"@id":"https:\/\/szucsattilaingatlan.hu\/vevoknek\/#breadcrumb"},"inLanguage":"en-US","potentialAction":[{"@type":"ReadAction","target":["https:\/\/szucsattilaingatlan.hu\/vevoknek\/"]}]},{"@type":"BreadcrumbList","@id":"https:\/\/szucsattilaingatlan.hu\/vevoknek\/#breadcrumb","itemListElement":[{"@type":"ListItem","position":1,"name":"Kezd\u0151lap","item":"https:\/\/szucsattilaingatlan.hu\/en\/"},{"@type":"ListItem","position":2,"name":"To buyers"}]},{"@type":"WebSite","@id":"https:\/\/szucsattilaingatlan.hu\/#website","url":"https:\/\/szucsattilaingatlan.hu\/","name":"Sz\u0171cs Attila ingatlanszak\u00e9rt\u0151","description":"Ingatlan\u00e9rt\u00e9kes\u00edt\u00e9s profin \u00e9s transzparensen","potentialAction":[{"@type":"SearchAction","target":{"@type":"EntryPoint","urlTemplate":"https:\/\/szucsattilaingatlan.hu\/?s={search_term_string}"},"query-input":{"@type":"PropertyValueSpecification","valueRequired":true,"valueName":"search_term_string"}}],"inLanguage":"en-US"}]}},"_links":{"self":[{"href":"https:\/\/szucsattilaingatlan.hu\/en\/wp-json\/wp\/v2\/pages\/2764","targetHints":{"allow":["GET"]}}],"collection":[{"href":"https:\/\/szucsattilaingatlan.hu\/en\/wp-json\/wp\/v2\/pages"}],"about":[{"href":"https:\/\/szucsattilaingatlan.hu\/en\/wp-json\/wp\/v2\/types\/page"}],"author":[{"embeddable":true,"href":"https:\/\/szucsattilaingatlan.hu\/en\/wp-json\/wp\/v2\/users\/1"}],"replies":[{"embeddable":true,"href":"https:\/\/szucsattilaingatlan.hu\/en\/wp-json\/wp\/v2\/comments?post=2764"}],"version-history":[{"count":0,"href":"https:\/\/szucsattilaingatlan.hu\/en\/wp-json\/wp\/v2\/pages\/2764\/revisions"}],"wp:attachment":[{"href":"https:\/\/szucsattilaingatlan.hu\/en\/wp-json\/wp\/v2\/media?parent=2764"}],"curies":[{"name":"wp","href":"https:\/\/api.w.org\/{rel}","templated":true}]}}