{"id":2805,"date":"2023-07-25T13:10:19","date_gmt":"2023-07-25T11:10:19","guid":{"rendered":"https:\/\/szucsattilaingatlan.hu\/eladoknak\/"},"modified":"2023-08-29T13:08:16","modified_gmt":"2023-08-29T13:08:16","slug":"vendedores","status":"publish","type":"page","link":"https:\/\/szucsattilaingatlan.hu\/es\/vendedores\/","title":{"rendered":"Vendedores"},"content":{"rendered":"<div class=\"wpb-content-wrapper\"><p>[vc_row full_width=\u00bbstretch_row\u00bb css=\u00bb.vc_custom_1690294572488{margin-top: -70px !important;padding-top: 30px !important;background-color: #000000 !important;}\u00bb][vc_column][vc_column_text]<span style=\"color: #ffffff;\">Vender una propiedad puede parecer f\u00e1cil, puede serlo, pero obtener el mejor precio es un verdadero desaf\u00edo. Por lo tanto, es importante que tome conscientemente los pasos necesarios a lo largo de una estrategia s\u00f3lida, siempre considerando las opciones frente a usted. Una de estas opciones es consultar con un especialista, por lo que esto no le impide decidir sobre una administraci\u00f3n independiente, tambi\u00e9n es posible que lo recomiendo.<\/span>[\/vc_column_text][vc_column_text]<\/p>\n<h4><span style=\"color: #ffffff;\">En caso de solicitud, me preparo en base a la informaci\u00f3n proporcionada de antemano, durante nuestra reuni\u00f3n personal eval\u00fao la propiedad y sus necesidades, defino sus opciones en funci\u00f3n de la valoraci\u00f3n y sus expectativas, y describo la estrategia de venta \u00f3ptima.<\/span><\/h4>\n<p>[\/vc_column_text][vc_empty_space][\/vc_column][\/vc_row][vc_row full_width=\u00bbstretch_row_content_no_spaces\u00bb equal_height=\u00bbyes\u00bb css=\u00bb.vc_custom_1690292069789{background-color: #ffffff !important;}\u00bb][vc_column css=\u00bb.vc_custom_1690294106279{padding-top: 30px !important;padding-bottom: 30px !important;background-color: #000000 !important;}\u00bb offset=\u00bbvc_col-lg-6 vc_col-md-6&#8243;][vc_row_inner][vc_column_inner width=\u00bb5\/6&#8243; offset=\u00bbvc_col-lg-offset-2 vc_col-lg-8 vc_col-md-offset-1 vc_col-md-10 vc_col-sm-offset-1&#8243; css=\u00bb.vc_custom_1690291876150{padding-right: 20px !important;padding-left: 20px !important;}\u00bb]<div class=\"standard-arrow bullet-top\"><h4 id=\"headline-26-149\" class=\"ct-headline h2-feketeplusz\"><span style=\"color: #ffffff;\">Puedes contar conmigo en todo lo relacionado con la venta de inmuebles, porque mi tarea como proveedor de servicios es:<\/span><\/h4>\n<div id=\"code_block-16-149\" class=\"ct-code-block fekete_txt\">\n<ul>\n<li><span style=\"color: #ffffff;\">identificar, ampliar y aumentar las oportunidades<\/span><\/li>\n<li><span style=\"color: #ffffff;\">opcionalmente, organizando la preparaci\u00f3n o preparaci\u00f3n de la propiedad<\/span><\/li>\n<li><span style=\"color: #ffffff;\">desarrollo de la estrategia de ventas, desde la definici\u00f3n del grupo objetivo, pasando por los mensajes hasta los canales de comunicaci\u00f3n<\/span><\/li>\n<li><span style=\"color: #ffffff;\">preparaci\u00f3n de materiales de comunicaci\u00f3n<\/span><\/li>\n<li><span style=\"color: #ffffff;\">preparar dict\u00e1menes periciales, presupuestos y licitaciones si es necesario<\/span><\/li>\n<li><span style=\"color: #ffffff;\">cables de filtro<\/span><\/li>\n<li><span style=\"color: #ffffff;\">organizaci\u00f3n de presentaciones<\/span><\/li>\n<li><span style=\"color: #ffffff;\">moderaci\u00f3n y apoyo a la negociaci\u00f3n de precios<\/span><\/li>\n<li><span style=\"color: #ffffff;\">preparaci\u00f3n y gesti\u00f3n de asuntos legales, financieros, fiscales y de derechos<\/span><\/li>\n<li><span style=\"color: #ffffff;\">satisfacer las necesidades del cliente.<\/span><\/li>\n<\/ul>\n<\/div>\n<\/div>[\/vc_column_inner][\/vc_row_inner][\/vc_column][vc_column css=\u00bb.vc_custom_1690369040665{padding-top: 150px !important;padding-bottom: 150px !important;background-image: url(https:\/\/szucsattilaingatlan.hu\/wp-content\/uploads\/2023\/07\/hatter3.webp?id=921) !important;background-position: center !important;background-repeat: no-repeat !important;background-size: cover !important;}\u00bb offset=\u00bbvc_col-lg-6 vc_col-md-6&#8243;][\/vc_column][\/vc_row][vc_row full_width=\u00bbstretch_row\u00bb bg_type=\u00bbbg_color\u00bb bg_override=\u00bbex-full\u00bb css=\u00bb.vc_custom_1693313072933{margin-bottom: -70px !important;background-color: #ffffff !important;}\u00bb bg_color_value=\u00bb#000000&#8243;][vc_column][vc_empty_space][vc_column_text]<\/p>\n<h4 style=\"text-align: center;\"><span style=\"color: #ffffff;\"><strong>En caso de venta,escriba un correo electr\u00f3nico, y me pondr\u00e9 en contacto con usted por tel\u00e9fono dentro de las 24 horas.<\/strong><\/span><\/h4>\n<p>[\/vc_column_text][vc_empty_space]<style type=\"text\/css\" data-type=\"the7_shortcodes-inline-css\">#default-btn-611da681872d30f482e5f9f67e4e6bf9.ico-right-side > i {\n  margin-right: 0px;\n  margin-left: 8px;\n}\n#default-btn-611da681872d30f482e5f9f67e4e6bf9 > i {\n  margin-right: 8px;\n}<\/style><div class=\"btn-align-center\"><a href=\"https:\/\/szucsattilaingatlan.hu\/es\/relacion\/\" class=\"default-btn-shortcode dt-btn dt-btn-l link-hover-off \" id=\"default-btn-611da681872d30f482e5f9f67e4e6bf9\"><span>RELACI\u00d3N<\/span><\/a><\/div>[vc_empty_space][\/vc_column][\/vc_row]<\/p>\n<\/div>","protected":false},"excerpt":{"rendered":"<p>[vc_row full_width=\u00bbstretch_row\u00bb css=\u00bb.vc_custom_1690294572488{margin-top: -70px !important;padding-top: 30px !important;background-color: #000000 !important;}\u00bb][vc_column][vc_column_text]Vender una propiedad puede parecer f\u00e1cil, puede serlo, pero obtener el mejor precio es un verdadero desaf\u00edo. Por lo tanto, es importante que tome conscientemente los pasos necesarios a lo largo de una estrategia s\u00f3lida, siempre considerando las opciones frente a usted. Una de estas opciones es&hellip;<\/p>\n","protected":false},"author":1,"featured_media":0,"parent":0,"menu_order":0,"comment_status":"closed","ping_status":"closed","template":"","meta":{"_acf_changed":false,"footnotes":""},"class_list":["post-2805","page","type-page","status-publish","hentry","description-off"],"acf":[],"yoast_head":"<!-- This site is optimized with the Yoast SEO plugin v27.3 - https:\/\/yoast.com\/product\/yoast-seo-wordpress\/ -->\n<title>Vendedores - Sz\u0171cs Attila ingatlanszak\u00e9rt\u0151<\/title>\n<meta name=\"description\" content=\"Mindenben sz\u00e1m\u00edthat r\u00e1m az ingatlan \u00e9rt\u00e9kes\u00edt\u00e9s\u00e9vel kapcsolatban, keressen b\u00e1tran.\" \/>\n<meta name=\"robots\" content=\"index, follow, max-snippet:-1, max-image-preview:large, max-video-preview:-1\" \/>\n<link rel=\"canonical\" href=\"https:\/\/szucsattilaingatlan.hu\/eladoknak\/\" \/>\n<meta property=\"og:locale\" content=\"es_ES\" \/>\n<meta property=\"og:type\" content=\"article\" \/>\n<meta property=\"og:title\" content=\"Vendedores - Sz\u0171cs Attila ingatlanszak\u00e9rt\u0151\" \/>\n<meta property=\"og:description\" content=\"Mindenben sz\u00e1m\u00edthat r\u00e1m az ingatlan \u00e9rt\u00e9kes\u00edt\u00e9s\u00e9vel kapcsolatban, keressen b\u00e1tran.\" \/>\n<meta property=\"og:url\" content=\"https:\/\/szucsattilaingatlan.hu\/eladoknak\/\" \/>\n<meta property=\"og:site_name\" content=\"Sz\u0171cs Attila ingatlanszak\u00e9rt\u0151\" \/>\n<meta property=\"article:modified_time\" content=\"2023-08-29T13:08:16+00:00\" \/>\n<meta name=\"twitter:card\" content=\"summary_large_image\" \/>\n<meta name=\"twitter:label1\" content=\"Tiempo de lectura\" \/>\n\t<meta name=\"twitter:data1\" content=\"2 minutos\" \/>\n<script type=\"application\/ld+json\" class=\"yoast-schema-graph\">{\"@context\":\"https:\\\/\\\/schema.org\",\"@graph\":[{\"@type\":\"WebPage\",\"@id\":\"https:\\\/\\\/szucsattilaingatlan.hu\\\/eladoknak\\\/\",\"url\":\"https:\\\/\\\/szucsattilaingatlan.hu\\\/eladoknak\\\/\",\"name\":\"Vendedores - Sz\u0171cs Attila ingatlanszak\u00e9rt\u0151\",\"isPartOf\":{\"@id\":\"https:\\\/\\\/szucsattilaingatlan.hu\\\/#website\"},\"datePublished\":\"2023-07-25T11:10:19+00:00\",\"dateModified\":\"2023-08-29T13:08:16+00:00\",\"description\":\"Mindenben sz\u00e1m\u00edthat r\u00e1m az ingatlan \u00e9rt\u00e9kes\u00edt\u00e9s\u00e9vel kapcsolatban, keressen b\u00e1tran.\",\"breadcrumb\":{\"@id\":\"https:\\\/\\\/szucsattilaingatlan.hu\\\/eladoknak\\\/#breadcrumb\"},\"inLanguage\":\"es\",\"potentialAction\":[{\"@type\":\"ReadAction\",\"target\":[\"https:\\\/\\\/szucsattilaingatlan.hu\\\/eladoknak\\\/\"]}]},{\"@type\":\"BreadcrumbList\",\"@id\":\"https:\\\/\\\/szucsattilaingatlan.hu\\\/eladoknak\\\/#breadcrumb\",\"itemListElement\":[{\"@type\":\"ListItem\",\"position\":1,\"name\":\"Kezd\u0151lap\",\"item\":\"https:\\\/\\\/szucsattilaingatlan.hu\\\/es\\\/\"},{\"@type\":\"ListItem\",\"position\":2,\"name\":\"Vendedores\"}]},{\"@type\":\"WebSite\",\"@id\":\"https:\\\/\\\/szucsattilaingatlan.hu\\\/#website\",\"url\":\"https:\\\/\\\/szucsattilaingatlan.hu\\\/\",\"name\":\"Sz\u0171cs Attila ingatlanszak\u00e9rt\u0151\",\"description\":\"Ingatlan\u00e9rt\u00e9kes\u00edt\u00e9s profin \u00e9s transzparensen\",\"potentialAction\":[{\"@type\":\"SearchAction\",\"target\":{\"@type\":\"EntryPoint\",\"urlTemplate\":\"https:\\\/\\\/szucsattilaingatlan.hu\\\/?s={search_term_string}\"},\"query-input\":{\"@type\":\"PropertyValueSpecification\",\"valueRequired\":true,\"valueName\":\"search_term_string\"}}],\"inLanguage\":\"es\"}]}<\/script>\n<!-- \/ Yoast SEO plugin. -->","yoast_head_json":{"title":"Vendedores - Sz\u0171cs Attila ingatlanszak\u00e9rt\u0151","description":"Mindenben sz\u00e1m\u00edthat r\u00e1m az ingatlan \u00e9rt\u00e9kes\u00edt\u00e9s\u00e9vel kapcsolatban, keressen b\u00e1tran.","robots":{"index":"index","follow":"follow","max-snippet":"max-snippet:-1","max-image-preview":"max-image-preview:large","max-video-preview":"max-video-preview:-1"},"canonical":"https:\/\/szucsattilaingatlan.hu\/eladoknak\/","og_locale":"es_ES","og_type":"article","og_title":"Vendedores - Sz\u0171cs Attila ingatlanszak\u00e9rt\u0151","og_description":"Mindenben sz\u00e1m\u00edthat r\u00e1m az ingatlan \u00e9rt\u00e9kes\u00edt\u00e9s\u00e9vel kapcsolatban, keressen b\u00e1tran.","og_url":"https:\/\/szucsattilaingatlan.hu\/eladoknak\/","og_site_name":"Sz\u0171cs Attila ingatlanszak\u00e9rt\u0151","article_modified_time":"2023-08-29T13:08:16+00:00","twitter_card":"summary_large_image","twitter_misc":{"Tiempo de lectura":"2 minutos"},"schema":{"@context":"https:\/\/schema.org","@graph":[{"@type":"WebPage","@id":"https:\/\/szucsattilaingatlan.hu\/eladoknak\/","url":"https:\/\/szucsattilaingatlan.hu\/eladoknak\/","name":"Vendedores - Sz\u0171cs Attila ingatlanszak\u00e9rt\u0151","isPartOf":{"@id":"https:\/\/szucsattilaingatlan.hu\/#website"},"datePublished":"2023-07-25T11:10:19+00:00","dateModified":"2023-08-29T13:08:16+00:00","description":"Mindenben sz\u00e1m\u00edthat r\u00e1m az ingatlan \u00e9rt\u00e9kes\u00edt\u00e9s\u00e9vel kapcsolatban, keressen b\u00e1tran.","breadcrumb":{"@id":"https:\/\/szucsattilaingatlan.hu\/eladoknak\/#breadcrumb"},"inLanguage":"es","potentialAction":[{"@type":"ReadAction","target":["https:\/\/szucsattilaingatlan.hu\/eladoknak\/"]}]},{"@type":"BreadcrumbList","@id":"https:\/\/szucsattilaingatlan.hu\/eladoknak\/#breadcrumb","itemListElement":[{"@type":"ListItem","position":1,"name":"Kezd\u0151lap","item":"https:\/\/szucsattilaingatlan.hu\/es\/"},{"@type":"ListItem","position":2,"name":"Vendedores"}]},{"@type":"WebSite","@id":"https:\/\/szucsattilaingatlan.hu\/#website","url":"https:\/\/szucsattilaingatlan.hu\/","name":"Sz\u0171cs Attila ingatlanszak\u00e9rt\u0151","description":"Ingatlan\u00e9rt\u00e9kes\u00edt\u00e9s profin \u00e9s transzparensen","potentialAction":[{"@type":"SearchAction","target":{"@type":"EntryPoint","urlTemplate":"https:\/\/szucsattilaingatlan.hu\/?s={search_term_string}"},"query-input":{"@type":"PropertyValueSpecification","valueRequired":true,"valueName":"search_term_string"}}],"inLanguage":"es"}]}},"_links":{"self":[{"href":"https:\/\/szucsattilaingatlan.hu\/es\/wp-json\/wp\/v2\/pages\/2805","targetHints":{"allow":["GET"]}}],"collection":[{"href":"https:\/\/szucsattilaingatlan.hu\/es\/wp-json\/wp\/v2\/pages"}],"about":[{"href":"https:\/\/szucsattilaingatlan.hu\/es\/wp-json\/wp\/v2\/types\/page"}],"author":[{"embeddable":true,"href":"https:\/\/szucsattilaingatlan.hu\/es\/wp-json\/wp\/v2\/users\/1"}],"replies":[{"embeddable":true,"href":"https:\/\/szucsattilaingatlan.hu\/es\/wp-json\/wp\/v2\/comments?post=2805"}],"version-history":[{"count":0,"href":"https:\/\/szucsattilaingatlan.hu\/es\/wp-json\/wp\/v2\/pages\/2805\/revisions"}],"wp:attachment":[{"href":"https:\/\/szucsattilaingatlan.hu\/es\/wp-json\/wp\/v2\/media?parent=2805"}],"curies":[{"name":"wp","href":"https:\/\/api.w.org\/{rel}","templated":true}]}}