{"id":2808,"date":"2023-07-26T07:01:36","date_gmt":"2023-07-26T05:01:36","guid":{"rendered":"https:\/\/szucsattilaingatlan.hu\/vevoknek\/"},"modified":"2023-08-29T13:07:24","modified_gmt":"2023-08-29T13:07:24","slug":"compradores","status":"publish","type":"page","link":"https:\/\/szucsattilaingatlan.hu\/es\/compradores\/","title":{"rendered":"Compradores"},"content":{"rendered":"<div class=\"wpb-content-wrapper\"><p>[vc_row full_width=\u00bbstretch_row\u00bb css=\u00bb.vc_custom_1693312729182{margin-top: -70px !important;margin-bottom: -70px !important;padding-top: 30px !important;background-color: #000000 !important;}\u00bb][vc_column][vc_column_text]<span style=\"color: #ffffff;\">Encontrar y comprar una propiedad aceptable puede ser f\u00e1cil, la mayor\u00eda de las veces lo es. Sin embargo, se debe encontrar el mejor, y un profesional con conocimiento actualizado del mercado, una red de contactos y d\u00e9cadas de experiencia proporciona una ayuda indispensable para esto. Por lo tanto, es recomendable evaluar todas las opciones frente a usted. Una consulta conmigo, el experto en bienes ra\u00edces, lo ayudar\u00e1 a conocer el mercado y evitar situaciones desagradables y de p\u00e9rdida de tiempo.<\/span>[\/vc_column_text]<div class=\"standard-arrow list-divider bullet-top\"><h4><strong><span style=\"color: #ffffff;\">Previa solicitud:<\/span><\/strong><\/h4>\n<ul>\n<li><span style=\"color: #ffffff;\">eval\u00fao sus necesidades y preferencias personales<\/span><\/li>\n<li><span style=\"color: #ffffff;\">presento en detalle el segmento relevante del mercado, sus principales actores, interfaces de comunicaci\u00f3n y herramientas<\/span><\/li>\n<li><span style=\"color: #ffffff;\">resumo tus opciones y posibles alternativas a tu idea<\/span><\/li>\n<li><span style=\"color: #ffffff;\">describo la estrategia de investigaci\u00f3n \u00f3ptima.<\/span><\/li>\n<\/ul>\n<\/div>[vc_empty_space]<style type=\"text\/css\" data-type=\"the7_shortcodes-inline-css\">#default-btn-611da681872d30f482e5f9f67e4e6bf9.ico-right-side > i {\n  margin-right: 0px;\n  margin-left: 8px;\n}\n#default-btn-611da681872d30f482e5f9f67e4e6bf9 > i {\n  margin-right: 8px;\n}<\/style><div class=\"btn-align-center\"><a href=\"https:\/\/szucsattilaingatlan.hu\/es\/relacion\/\" class=\"default-btn-shortcode dt-btn dt-btn-l link-hover-off \" id=\"default-btn-611da681872d30f482e5f9f67e4e6bf9\"><span>RELACI\u00d3N<\/span><\/a><\/div>[vc_empty_space][\/vc_column][\/vc_row]<\/p>\n<\/div>","protected":false},"excerpt":{"rendered":"<p>[vc_row full_width=\u00bbstretch_row\u00bb css=\u00bb.vc_custom_1693312729182{margin-top: -70px !important;margin-bottom: -70px !important;padding-top: 30px !important;background-color: #000000 !important;}\u00bb][vc_column][vc_column_text]Encontrar y comprar una propiedad aceptable puede ser f\u00e1cil, la mayor\u00eda de las veces lo es. Sin embargo, se debe encontrar el mejor, y un profesional con conocimiento actualizado del mercado, una red de contactos y d\u00e9cadas de experiencia proporciona una ayuda indispensable para esto.&hellip;<\/p>\n","protected":false},"author":1,"featured_media":0,"parent":0,"menu_order":0,"comment_status":"closed","ping_status":"closed","template":"","meta":{"_acf_changed":false,"footnotes":""},"class_list":["post-2808","page","type-page","status-publish","hentry","description-off"],"acf":[],"yoast_head":"<!-- This site is optimized with the Yoast SEO plugin v27.3 - https:\/\/yoast.com\/product\/yoast-seo-wordpress\/ -->\n<title>Compradores - Sz\u0171cs Attila ingatlanszak\u00e9rt\u0151<\/title>\n<meta name=\"robots\" content=\"index, follow, max-snippet:-1, max-image-preview:large, max-video-preview:-1\" \/>\n<link rel=\"canonical\" href=\"https:\/\/szucsattilaingatlan.hu\/vevoknek\/\" \/>\n<meta property=\"og:locale\" content=\"es_ES\" \/>\n<meta property=\"og:type\" content=\"article\" \/>\n<meta property=\"og:title\" content=\"Compradores - Sz\u0171cs Attila ingatlanszak\u00e9rt\u0151\" \/>\n<meta property=\"og:description\" content=\"[vc_row full_width=\u00bbstretch_row\u00bb css=\u00bb.vc_custom_1693312729182{margin-top: -70px !important;margin-bottom: -70px !important;padding-top: 30px !important;background-color: #000000 !important;}\u00bb][vc_column][vc_column_text]Encontrar y comprar una propiedad aceptable puede ser f\u00e1cil, la mayor\u00eda de las veces lo es. Sin embargo, se debe encontrar el mejor, y un profesional con conocimiento actualizado del mercado, una red de contactos y d\u00e9cadas de experiencia proporciona una ayuda indispensable para esto.&hellip;\" \/>\n<meta property=\"og:url\" content=\"https:\/\/szucsattilaingatlan.hu\/vevoknek\/\" \/>\n<meta property=\"og:site_name\" content=\"Sz\u0171cs Attila ingatlanszak\u00e9rt\u0151\" \/>\n<meta property=\"article:modified_time\" content=\"2023-08-29T13:07:24+00:00\" \/>\n<meta name=\"twitter:card\" content=\"summary_large_image\" \/>\n<meta name=\"twitter:label1\" content=\"Tiempo de lectura\" \/>\n\t<meta name=\"twitter:data1\" content=\"1 minuto\" \/>\n<script type=\"application\/ld+json\" class=\"yoast-schema-graph\">{\"@context\":\"https:\\\/\\\/schema.org\",\"@graph\":[{\"@type\":\"WebPage\",\"@id\":\"https:\\\/\\\/szucsattilaingatlan.hu\\\/vevoknek\\\/\",\"url\":\"https:\\\/\\\/szucsattilaingatlan.hu\\\/vevoknek\\\/\",\"name\":\"Compradores - Sz\u0171cs Attila ingatlanszak\u00e9rt\u0151\",\"isPartOf\":{\"@id\":\"https:\\\/\\\/szucsattilaingatlan.hu\\\/#website\"},\"datePublished\":\"2023-07-26T05:01:36+00:00\",\"dateModified\":\"2023-08-29T13:07:24+00:00\",\"breadcrumb\":{\"@id\":\"https:\\\/\\\/szucsattilaingatlan.hu\\\/vevoknek\\\/#breadcrumb\"},\"inLanguage\":\"es\",\"potentialAction\":[{\"@type\":\"ReadAction\",\"target\":[\"https:\\\/\\\/szucsattilaingatlan.hu\\\/vevoknek\\\/\"]}]},{\"@type\":\"BreadcrumbList\",\"@id\":\"https:\\\/\\\/szucsattilaingatlan.hu\\\/vevoknek\\\/#breadcrumb\",\"itemListElement\":[{\"@type\":\"ListItem\",\"position\":1,\"name\":\"Kezd\u0151lap\",\"item\":\"https:\\\/\\\/szucsattilaingatlan.hu\\\/es\\\/\"},{\"@type\":\"ListItem\",\"position\":2,\"name\":\"Compradores\"}]},{\"@type\":\"WebSite\",\"@id\":\"https:\\\/\\\/szucsattilaingatlan.hu\\\/#website\",\"url\":\"https:\\\/\\\/szucsattilaingatlan.hu\\\/\",\"name\":\"Sz\u0171cs Attila ingatlanszak\u00e9rt\u0151\",\"description\":\"Ingatlan\u00e9rt\u00e9kes\u00edt\u00e9s profin \u00e9s transzparensen\",\"potentialAction\":[{\"@type\":\"SearchAction\",\"target\":{\"@type\":\"EntryPoint\",\"urlTemplate\":\"https:\\\/\\\/szucsattilaingatlan.hu\\\/?s={search_term_string}\"},\"query-input\":{\"@type\":\"PropertyValueSpecification\",\"valueRequired\":true,\"valueName\":\"search_term_string\"}}],\"inLanguage\":\"es\"}]}<\/script>\n<!-- \/ Yoast SEO plugin. -->","yoast_head_json":{"title":"Compradores - Sz\u0171cs Attila ingatlanszak\u00e9rt\u0151","robots":{"index":"index","follow":"follow","max-snippet":"max-snippet:-1","max-image-preview":"max-image-preview:large","max-video-preview":"max-video-preview:-1"},"canonical":"https:\/\/szucsattilaingatlan.hu\/vevoknek\/","og_locale":"es_ES","og_type":"article","og_title":"Compradores - Sz\u0171cs Attila ingatlanszak\u00e9rt\u0151","og_description":"[vc_row full_width=\u00bbstretch_row\u00bb css=\u00bb.vc_custom_1693312729182{margin-top: -70px !important;margin-bottom: -70px !important;padding-top: 30px !important;background-color: #000000 !important;}\u00bb][vc_column][vc_column_text]Encontrar y comprar una propiedad aceptable puede ser f\u00e1cil, la mayor\u00eda de las veces lo es. Sin embargo, se debe encontrar el mejor, y un profesional con conocimiento actualizado del mercado, una red de contactos y d\u00e9cadas de experiencia proporciona una ayuda indispensable para esto.&hellip;","og_url":"https:\/\/szucsattilaingatlan.hu\/vevoknek\/","og_site_name":"Sz\u0171cs Attila ingatlanszak\u00e9rt\u0151","article_modified_time":"2023-08-29T13:07:24+00:00","twitter_card":"summary_large_image","twitter_misc":{"Tiempo de lectura":"1 minuto"},"schema":{"@context":"https:\/\/schema.org","@graph":[{"@type":"WebPage","@id":"https:\/\/szucsattilaingatlan.hu\/vevoknek\/","url":"https:\/\/szucsattilaingatlan.hu\/vevoknek\/","name":"Compradores - Sz\u0171cs Attila ingatlanszak\u00e9rt\u0151","isPartOf":{"@id":"https:\/\/szucsattilaingatlan.hu\/#website"},"datePublished":"2023-07-26T05:01:36+00:00","dateModified":"2023-08-29T13:07:24+00:00","breadcrumb":{"@id":"https:\/\/szucsattilaingatlan.hu\/vevoknek\/#breadcrumb"},"inLanguage":"es","potentialAction":[{"@type":"ReadAction","target":["https:\/\/szucsattilaingatlan.hu\/vevoknek\/"]}]},{"@type":"BreadcrumbList","@id":"https:\/\/szucsattilaingatlan.hu\/vevoknek\/#breadcrumb","itemListElement":[{"@type":"ListItem","position":1,"name":"Kezd\u0151lap","item":"https:\/\/szucsattilaingatlan.hu\/es\/"},{"@type":"ListItem","position":2,"name":"Compradores"}]},{"@type":"WebSite","@id":"https:\/\/szucsattilaingatlan.hu\/#website","url":"https:\/\/szucsattilaingatlan.hu\/","name":"Sz\u0171cs Attila ingatlanszak\u00e9rt\u0151","description":"Ingatlan\u00e9rt\u00e9kes\u00edt\u00e9s profin \u00e9s transzparensen","potentialAction":[{"@type":"SearchAction","target":{"@type":"EntryPoint","urlTemplate":"https:\/\/szucsattilaingatlan.hu\/?s={search_term_string}"},"query-input":{"@type":"PropertyValueSpecification","valueRequired":true,"valueName":"search_term_string"}}],"inLanguage":"es"}]}},"_links":{"self":[{"href":"https:\/\/szucsattilaingatlan.hu\/es\/wp-json\/wp\/v2\/pages\/2808","targetHints":{"allow":["GET"]}}],"collection":[{"href":"https:\/\/szucsattilaingatlan.hu\/es\/wp-json\/wp\/v2\/pages"}],"about":[{"href":"https:\/\/szucsattilaingatlan.hu\/es\/wp-json\/wp\/v2\/types\/page"}],"author":[{"embeddable":true,"href":"https:\/\/szucsattilaingatlan.hu\/es\/wp-json\/wp\/v2\/users\/1"}],"replies":[{"embeddable":true,"href":"https:\/\/szucsattilaingatlan.hu\/es\/wp-json\/wp\/v2\/comments?post=2808"}],"version-history":[{"count":0,"href":"https:\/\/szucsattilaingatlan.hu\/es\/wp-json\/wp\/v2\/pages\/2808\/revisions"}],"wp:attachment":[{"href":"https:\/\/szucsattilaingatlan.hu\/es\/wp-json\/wp\/v2\/media?parent=2808"}],"curies":[{"name":"wp","href":"https:\/\/api.w.org\/{rel}","templated":true}]}}