{"id":2814,"date":"2023-07-26T07:37:37","date_gmt":"2023-07-26T05:37:37","guid":{"rendered":"https:\/\/szucsattilaingatlan.hu\/spanyolorszag\/"},"modified":"2023-08-29T12:54:31","modified_gmt":"2023-08-29T12:54:31","slug":"espana","status":"publish","type":"page","link":"https:\/\/szucsattilaingatlan.hu\/es\/espana\/","title":{"rendered":"Espa\u00f1a"},"content":{"rendered":"<div class=\"wpb-content-wrapper\"><p>[vc_row full_width=\u00bbstretch_row\u00bb css=\u00bb.vc_custom_1690357051990{margin-top: -70px !important;margin-bottom: -70px !important;padding-top: 30px !important;padding-bottom: 40px !important;background-color: #000000 !important;}\u00bb][vc_column][vc_column_text]<\/p>\n<p><span style=\"color: #ffffff;\">Desde que Korn\u00e9l y yo comenzamos Ingatlanp\u00e1holy, sab\u00edamos que con la ayuda de nuestras ambiciones y motivaciones similares, podr\u00edamos lograr grandes cosas en la industria de bienes ra\u00edces tanto dentro como fuera de nuestras fronteras. La compa\u00f1\u00eda se ha desarrollado muy bien en los \u00faltimos a\u00f1os, el n\u00famero y la calidad de nuestros colegas ha aumentado mucho, adem\u00e1s del hecho de que nunca hemos comprometido la calidad, y el a\u00f1o pasado tambi\u00e9n fue necesario estudiar el mercado inmobiliario extranjero.<\/span><br \/>\n<span style=\"color: #ffffff;\">Fue entonces cuando Zsolt se uni\u00f3 a la empresa, quien, despu\u00e9s de realizar estudios de mercado, tambi\u00e9n concluy\u00f3 los primeros contratos extranjeros, y as\u00ed naci\u00f3 IP International! Esta parte de la empresa funcionar\u00e1 como un centro: ayudamos a todos nuestros clientes h\u00fangaros a encontrar, comprar y, si es necesario, administrar bienes inmuebles en el pa\u00eds dado, todo esto con socios contratados y cooperaci\u00f3n profesional, incluso en el sitio.<\/span><br \/>\n<span style=\"color: #ffffff;\">Con un socio contratado existente y otras asociaciones y colaboraciones actualmente en negociaci\u00f3n, ya podemos ayudar con la compra de propiedades costeras, as\u00ed como propiedades en Madrid y Barcelona, pero para 2024 nos gustar\u00eda tener una cooperaci\u00f3n que nos permita implementar una asistencia significativa en todas las provincias aut\u00f3nomas.<\/span><\/p>\n<h4><span style=\"color: #ffffff;\"><strong>Entonces, si desea invertir o mudarse al extranjero, no dude en contactarme, podemos ayudarlo de inmediato en 7 pa\u00edses, y es muy probable que este n\u00famero aumente pronto! Cont\u00e1ctenos con confianza para nuestra oferta actual!<\/strong><\/span><\/h4>\n<p>[\/vc_column_text][vc_empty_space]<style type=\"text\/css\" data-type=\"the7_shortcodes-inline-css\">#default-btn-4377f1fd235288d956ebd1506f5024bb.ico-right-side > i {\n  margin-right: 0px;\n  margin-left: 8px;\n}\n#default-btn-4377f1fd235288d956ebd1506f5024bb > i {\n  margin-right: 8px;\n}<\/style><div class=\"btn-align-center\"><a href=\"#\" class=\"default-btn-shortcode dt-btn dt-btn-l link-hover-off \" id=\"default-btn-4377f1fd235288d956ebd1506f5024bb\"><span>RELACI\u00d3N<\/span><\/a><\/div>[vc_empty_space][\/vc_column][\/vc_row]<\/p>\n<\/div>","protected":false},"excerpt":{"rendered":"<p>[vc_row full_width=\u00bbstretch_row\u00bb css=\u00bb.vc_custom_1690357051990{margin-top: -70px !important;margin-bottom: -70px !important;padding-top: 30px !important;padding-bottom: 40px !important;background-color: #000000 !important;}\u00bb][vc_column][vc_column_text] Desde que Korn\u00e9l y yo comenzamos Ingatlanp\u00e1holy, sab\u00edamos que con la ayuda de nuestras ambiciones y motivaciones similares, podr\u00edamos lograr grandes cosas en la industria de bienes ra\u00edces tanto dentro como fuera de nuestras fronteras. La compa\u00f1\u00eda se ha desarrollado muy bien&hellip;<\/p>\n","protected":false},"author":1,"featured_media":0,"parent":0,"menu_order":0,"comment_status":"closed","ping_status":"closed","template":"","meta":{"_acf_changed":false,"footnotes":""},"class_list":["post-2814","page","type-page","status-publish","hentry","description-off"],"acf":[],"yoast_head":"<!-- This site is optimized with the Yoast SEO plugin v27.5 - https:\/\/yoast.com\/product\/yoast-seo-wordpress\/ -->\n<title>Espa\u00f1a - Sz\u0171cs Attila ingatlanszak\u00e9rt\u0151<\/title>\n<meta name=\"robots\" content=\"index, follow, max-snippet:-1, max-image-preview:large, max-video-preview:-1\" \/>\n<link rel=\"canonical\" href=\"https:\/\/szucsattilaingatlan.hu\/spanyolorszag\/\" \/>\n<meta property=\"og:locale\" content=\"es_ES\" \/>\n<meta property=\"og:type\" content=\"article\" \/>\n<meta property=\"og:title\" content=\"Espa\u00f1a - Sz\u0171cs Attila ingatlanszak\u00e9rt\u0151\" \/>\n<meta property=\"og:description\" content=\"[vc_row full_width=\u00bbstretch_row\u00bb css=\u00bb.vc_custom_1690357051990{margin-top: -70px !important;margin-bottom: -70px !important;padding-top: 30px !important;padding-bottom: 40px !important;background-color: #000000 !important;}\u00bb][vc_column][vc_column_text] Desde que Korn\u00e9l y yo comenzamos Ingatlanp\u00e1holy, sab\u00edamos que con la ayuda de nuestras ambiciones y motivaciones similares, podr\u00edamos lograr grandes cosas en la industria de bienes ra\u00edces tanto dentro como fuera de nuestras fronteras. La compa\u00f1\u00eda se ha desarrollado muy bien&hellip;\" \/>\n<meta property=\"og:url\" content=\"https:\/\/szucsattilaingatlan.hu\/spanyolorszag\/\" \/>\n<meta property=\"og:site_name\" content=\"Sz\u0171cs Attila ingatlanszak\u00e9rt\u0151\" \/>\n<meta property=\"article:modified_time\" content=\"2023-08-29T12:54:31+00:00\" \/>\n<meta name=\"twitter:card\" content=\"summary_large_image\" \/>\n<meta name=\"twitter:label1\" content=\"Tiempo de lectura\" \/>\n\t<meta name=\"twitter:data1\" content=\"2 minutos\" \/>\n<script type=\"application\/ld+json\" class=\"yoast-schema-graph\">{\"@context\":\"https:\\\/\\\/schema.org\",\"@graph\":[{\"@type\":\"WebPage\",\"@id\":\"https:\\\/\\\/szucsattilaingatlan.hu\\\/spanyolorszag\\\/\",\"url\":\"https:\\\/\\\/szucsattilaingatlan.hu\\\/spanyolorszag\\\/\",\"name\":\"Espa\u00f1a - Sz\u0171cs Attila ingatlanszak\u00e9rt\u0151\",\"isPartOf\":{\"@id\":\"https:\\\/\\\/szucsattilaingatlan.hu\\\/#website\"},\"datePublished\":\"2023-07-26T05:37:37+00:00\",\"dateModified\":\"2023-08-29T12:54:31+00:00\",\"breadcrumb\":{\"@id\":\"https:\\\/\\\/szucsattilaingatlan.hu\\\/spanyolorszag\\\/#breadcrumb\"},\"inLanguage\":\"es\",\"potentialAction\":[{\"@type\":\"ReadAction\",\"target\":[\"https:\\\/\\\/szucsattilaingatlan.hu\\\/spanyolorszag\\\/\"]}]},{\"@type\":\"BreadcrumbList\",\"@id\":\"https:\\\/\\\/szucsattilaingatlan.hu\\\/spanyolorszag\\\/#breadcrumb\",\"itemListElement\":[{\"@type\":\"ListItem\",\"position\":1,\"name\":\"Kezd\u0151lap\",\"item\":\"https:\\\/\\\/szucsattilaingatlan.hu\\\/es\\\/\"},{\"@type\":\"ListItem\",\"position\":2,\"name\":\"Espa\u00f1a\"}]},{\"@type\":\"WebSite\",\"@id\":\"https:\\\/\\\/szucsattilaingatlan.hu\\\/#website\",\"url\":\"https:\\\/\\\/szucsattilaingatlan.hu\\\/\",\"name\":\"Sz\u0171cs Attila ingatlanszak\u00e9rt\u0151\",\"description\":\"Ingatlan\u00e9rt\u00e9kes\u00edt\u00e9s profin \u00e9s transzparensen\",\"potentialAction\":[{\"@type\":\"SearchAction\",\"target\":{\"@type\":\"EntryPoint\",\"urlTemplate\":\"https:\\\/\\\/szucsattilaingatlan.hu\\\/?s={search_term_string}\"},\"query-input\":{\"@type\":\"PropertyValueSpecification\",\"valueRequired\":true,\"valueName\":\"search_term_string\"}}],\"inLanguage\":\"es\"}]}<\/script>\n<!-- \/ Yoast SEO plugin. -->","yoast_head_json":{"title":"Espa\u00f1a - Sz\u0171cs Attila ingatlanszak\u00e9rt\u0151","robots":{"index":"index","follow":"follow","max-snippet":"max-snippet:-1","max-image-preview":"max-image-preview:large","max-video-preview":"max-video-preview:-1"},"canonical":"https:\/\/szucsattilaingatlan.hu\/spanyolorszag\/","og_locale":"es_ES","og_type":"article","og_title":"Espa\u00f1a - Sz\u0171cs Attila ingatlanszak\u00e9rt\u0151","og_description":"[vc_row full_width=\u00bbstretch_row\u00bb css=\u00bb.vc_custom_1690357051990{margin-top: -70px !important;margin-bottom: -70px !important;padding-top: 30px !important;padding-bottom: 40px !important;background-color: #000000 !important;}\u00bb][vc_column][vc_column_text] Desde que Korn\u00e9l y yo comenzamos Ingatlanp\u00e1holy, sab\u00edamos que con la ayuda de nuestras ambiciones y motivaciones similares, podr\u00edamos lograr grandes cosas en la industria de bienes ra\u00edces tanto dentro como fuera de nuestras fronteras. La compa\u00f1\u00eda se ha desarrollado muy bien&hellip;","og_url":"https:\/\/szucsattilaingatlan.hu\/spanyolorszag\/","og_site_name":"Sz\u0171cs Attila ingatlanszak\u00e9rt\u0151","article_modified_time":"2023-08-29T12:54:31+00:00","twitter_card":"summary_large_image","twitter_misc":{"Tiempo de lectura":"2 minutos"},"schema":{"@context":"https:\/\/schema.org","@graph":[{"@type":"WebPage","@id":"https:\/\/szucsattilaingatlan.hu\/spanyolorszag\/","url":"https:\/\/szucsattilaingatlan.hu\/spanyolorszag\/","name":"Espa\u00f1a - Sz\u0171cs Attila ingatlanszak\u00e9rt\u0151","isPartOf":{"@id":"https:\/\/szucsattilaingatlan.hu\/#website"},"datePublished":"2023-07-26T05:37:37+00:00","dateModified":"2023-08-29T12:54:31+00:00","breadcrumb":{"@id":"https:\/\/szucsattilaingatlan.hu\/spanyolorszag\/#breadcrumb"},"inLanguage":"es","potentialAction":[{"@type":"ReadAction","target":["https:\/\/szucsattilaingatlan.hu\/spanyolorszag\/"]}]},{"@type":"BreadcrumbList","@id":"https:\/\/szucsattilaingatlan.hu\/spanyolorszag\/#breadcrumb","itemListElement":[{"@type":"ListItem","position":1,"name":"Kezd\u0151lap","item":"https:\/\/szucsattilaingatlan.hu\/es\/"},{"@type":"ListItem","position":2,"name":"Espa\u00f1a"}]},{"@type":"WebSite","@id":"https:\/\/szucsattilaingatlan.hu\/#website","url":"https:\/\/szucsattilaingatlan.hu\/","name":"Sz\u0171cs Attila ingatlanszak\u00e9rt\u0151","description":"Ingatlan\u00e9rt\u00e9kes\u00edt\u00e9s profin \u00e9s transzparensen","potentialAction":[{"@type":"SearchAction","target":{"@type":"EntryPoint","urlTemplate":"https:\/\/szucsattilaingatlan.hu\/?s={search_term_string}"},"query-input":{"@type":"PropertyValueSpecification","valueRequired":true,"valueName":"search_term_string"}}],"inLanguage":"es"}]}},"_links":{"self":[{"href":"https:\/\/szucsattilaingatlan.hu\/es\/wp-json\/wp\/v2\/pages\/2814","targetHints":{"allow":["GET"]}}],"collection":[{"href":"https:\/\/szucsattilaingatlan.hu\/es\/wp-json\/wp\/v2\/pages"}],"about":[{"href":"https:\/\/szucsattilaingatlan.hu\/es\/wp-json\/wp\/v2\/types\/page"}],"author":[{"embeddable":true,"href":"https:\/\/szucsattilaingatlan.hu\/es\/wp-json\/wp\/v2\/users\/1"}],"replies":[{"embeddable":true,"href":"https:\/\/szucsattilaingatlan.hu\/es\/wp-json\/wp\/v2\/comments?post=2814"}],"version-history":[{"count":0,"href":"https:\/\/szucsattilaingatlan.hu\/es\/wp-json\/wp\/v2\/pages\/2814\/revisions"}],"wp:attachment":[{"href":"https:\/\/szucsattilaingatlan.hu\/es\/wp-json\/wp\/v2\/media?parent=2814"}],"curies":[{"name":"wp","href":"https:\/\/api.w.org\/{rel}","templated":true}]}}